{"id":100,"date":"2026-04-03T17:14:35","date_gmt":"2026-04-03T17:14:35","guid":{"rendered":"https:\/\/ballhaus-pankow.com\/?page_id=100"},"modified":"2026-04-13T19:30:49","modified_gmt":"2026-04-13T19:30:49","slug":"kontakt","status":"publish","type":"page","link":"https:\/\/ballhaus-pankow.com\/en\/kontakt\/","title":{"rendered":"Kontakt"},"content":{"rendered":"<main class=\"wp-block-group animated fadeInUp news-section has-background has-global-padding is-layout-constrained wp-container-core-group-is-layout-f0360a7d wp-block-group-is-layout-constrained\" style=\"background:linear-gradient(180deg,rgb(1,21,20) 0%,rgb(13,5,5) 57%,rgb(16,42,45) 100%);margin-top:0;margin-bottom:0;padding-top:var(--wp--preset--spacing--20);padding-bottom:var(--wp--preset--spacing--20)\">\n<div class=\"wp-block-group has-global-padding is-layout-constrained wp-container-core-group-is-layout-06cdbd73 wp-block-group-is-layout-constrained\" style=\"margin-bottom:var(--wp--preset--spacing--30);padding-right:25px;padding-left:25px\">\n<p class=\"has-text-align-center has-contrast-color has-text-color has-link-color has-mdm-large-font-size wp-elements-c08c90cabcf90d08ed67f5450994d8d8\"><strong>Kontaktieren Sie uns \u2013 Wir sind jederzeit f\u00fcr Sie da<\/strong><\/p>\n\n\n\n<p><\/p>\n\n\n\n<p>Sie k\u00f6nnen uns jederzeit auf verschiedenen Wegen kontaktieren \u2013 ganz nach Ihren W\u00fcnschen. Ob telefonisch, bei einem pers\u00f6nlichen Termin vor Ort, per E-Mail oder \u00fcber unser Kontaktformular auf der Website \u2013 wir sind jederzeit f\u00fcr Sie erreichbar. Ebenso k\u00f6nnen Sie uns bequem \u00fcber WhatsApp sowie unsere Social-Media-Plattformen kontaktieren<\/p>\n\n\n\n<p><\/p>\n\n\n\n<p>Unser Team wird Ihre Anfrage so schnell wie m\u00f6glich bearbeiten und Ihnen zeitnah antworten.<\/p>\n\n\n\n<p class=\"has-text-align-left\">Wenn Sie direkt eine Nachricht an unseren Gesch\u00e4ftsf\u00fchrer senden m\u00f6chten, nutzen Sie bitte das untenstehende Kontaktformular. Geben Sie einfach Ihre E-Mail-Adresse sowie Ihre Nachricht ein, und wir k\u00fcmmern uns umgehend um Ihr Anliegen.<\/p>\n<\/div>\n<\/main>\n\n\n\n<div class=\"wp-block-columns is-layout-flex wp-container-core-columns-is-layout-28f84493 wp-block-columns-is-layout-flex\">\n<div class=\"wp-block-column is-layout-flow wp-block-column-is-layout-flow\"><\/div>\n<\/div>\n\n\n\n<div class=\"wpcf7 no-js\" id=\"wpcf7-f22-o1\" lang=\"de-DE\" dir=\"ltr\" data-wpcf7-id=\"22\">\n<div class=\"screen-reader-response\"><p role=\"status\" aria-live=\"polite\" aria-atomic=\"true\"><\/p> <ul><\/ul><\/div>\n<form action=\"\/en\/wp-json\/wp\/v2\/pages\/100#wpcf7-f22-o1\" method=\"post\" class=\"wpcf7-form init\" aria-label=\"Kontaktformular\" novalidate=\"novalidate\" data-status=\"init\" data-trp-original-action=\"\/en\/wp-json\/wp\/v2\/pages\/100#wpcf7-f22-o1\">\n<fieldset class=\"hidden-fields-container\"><input type=\"hidden\" name=\"_wpcf7\" value=\"22\" \/><input type=\"hidden\" name=\"_wpcf7_version\" value=\"6.1.5\" \/><input type=\"hidden\" name=\"_wpcf7_locale\" value=\"de_DE\" \/><input type=\"hidden\" name=\"_wpcf7_unit_tag\" value=\"wpcf7-f22-o1\" \/><input type=\"hidden\" name=\"_wpcf7_container_post\" value=\"0\" \/><input type=\"hidden\" name=\"_wpcf7_posted_data_hash\" value=\"\" \/>\n<\/fieldset>\n<p><label>Ihr Name<br \/>\n<span class=\"wpcf7-form-control-wrap\" data-name=\"your-name\"><input size=\"40\" maxlength=\"400\" class=\"wpcf7-form-control wpcf7-text wpcf7-validates-as-required\" aria-required=\"true\" aria-invalid=\"false\" placeholder=\"Ihr vollst\u00e4ndiger Name\" value=\"\" type=\"text\" name=\"your-name\" \/><\/span><\/label>\n<\/p>\n<p><label>Ihre E-Mail-Adresse<br \/>\n<span class=\"wpcf7-form-control-wrap\" data-name=\"your-email\"><input size=\"40\" maxlength=\"400\" class=\"wpcf7-form-control wpcf7-email wpcf7-validates-as-required wpcf7-text wpcf7-validates-as-email\" aria-required=\"true\" aria-invalid=\"false\" placeholder=\"ihre@email.de\" value=\"\" type=\"email\" name=\"your-email\" \/><\/span><\/label>\n<\/p>\n<p><label>Betreff<br \/>\n<span class=\"wpcf7-form-control-wrap\" data-name=\"your-subject\"><input size=\"40\" maxlength=\"400\" class=\"wpcf7-form-control wpcf7-text wpcf7-validates-as-required\" aria-required=\"true\" aria-invalid=\"false\" placeholder=\"Worum geht es?\" value=\"\" type=\"text\" name=\"your-subject\" \/><\/span><\/label>\n<\/p>\n<p><label>Ihre Nachricht<br \/>\n<span class=\"wpcf7-form-control-wrap\" data-name=\"your-message\"><textarea cols=\"40\" rows=\"10\" maxlength=\"2000\" class=\"wpcf7-form-control wpcf7-textarea wpcf7-validates-as-required\" aria-required=\"true\" aria-invalid=\"false\" placeholder=\"Schreiben Sie uns Ihre Nachricht...\" name=\"your-message\"><\/textarea><\/span><\/label>\n<\/p>\n<p><input class=\"wpcf7-form-control wpcf7-submit has-spinner\" type=\"submit\" value=\"Nachricht senden\" \/>\n<\/p><div class=\"wpcf7-response-output\" aria-hidden=\"true\"><\/div>\n<input type=\"hidden\" name=\"trp-form-language\" value=\"en\"\/><\/form>\n<\/div>\n\n\n\n\n<main class=\"wp-block-group animated fadeInUp faq-section has-background has-global-padding is-layout-constrained wp-container-core-group-is-layout-ce357d70 wp-block-group-is-layout-constrained\" style=\"background:linear-gradient(180deg,rgb(4,2,2) 0%,rgb(35,34,6) 100%);margin-top:0;margin-bottom:0;padding-top:var(--wp--preset--spacing--50);padding-right:20px;padding-bottom:var(--wp--preset--spacing--50);padding-left:20px\">\n<div class=\"wp-block-columns are-vertically-aligned-center is-layout-flex wp-container-core-columns-is-layout-9a01b68c wp-block-columns-is-layout-flex\">\n<div class=\"wp-block-column is-vertically-aligned-center is-layout-flow wp-block-column-is-layout-flow\" style=\"padding-top:var(--wp--preset--spacing--10);padding-right:25px;padding-left:25px;flex-basis:50%\">\n<p class=\"has-text-align-left consultingwp-sub-title\"><strong>FAQ<\/strong><\/p>\n\n\n\n<h2 class=\"wp-block-heading has-heading-text-color-color has-text-color has-link-color has-body-font-family wp-elements-a8caadee73616f97e9b12f9b2511b108\" style=\"margin-bottom:var(--wp--preset--spacing--30);font-size:clamp(20px, 1.25rem + ((1vw - 3.2px) * 1.463), 32px);font-style:normal;font-weight:700\">Freequently Asked Questions<\/h2>\n\n\n\n<p>Aliquam lobortis. Praesent blandit laoreet nibh. Sed consequat, leo eget bibendum sodales, augue velit cursus nunc, quis gravida magna mi a libero. Nullam vel sem. Ut tincidunt tincidunt erat.<\/p>\n\n\n\n<p>Quisque ut nisi. Quisque ut nisi. Pellentesque habitant morbi tristique senectus et netus et malesuada fames ac turpis egestas. Pellentesque auctor neque nec urna. In turpis.<\/p>\n<\/div>\n\n\n\n<div class=\"wp-block-column is-vertically-aligned-center is-layout-flow wp-block-column-is-layout-flow\" style=\"padding-top:var(--wp--preset--spacing--10);padding-right:25px;padding-left:25px;flex-basis:50%\">\n<details class=\"wp-block-details has-border-radius has-border-color has-primary-border-color has-heading-text-color-color has-primary-background-color has-text-color has-background has-link-color wp-elements-fc76b1582855026b63988213a4a9c585 is-layout-flow wp-container-core-details-is-layout-b879ef61 wp-block-details-is-layout-flow\" style=\"border-width:1px;padding-top:var(--wp--preset--spacing--10);padding-right:var(--wp--preset--spacing--10);padding-bottom:var(--wp--preset--spacing--10);padding-left:var(--wp--preset--spacing--10)\"><summary>Fusce ac felis sit amet<\/summary>\n<p>Phasellus tempus. Etiam feugiat lorem non metus. Donec venenatis vulputate lorem. Pellentesque auctor neque nec urna. Nunc nec neque.<\/p>\n\n\n\n<p>Aliquam eu nunc. Etiam iaculis nunc ac metus. Donec mi odio, faucibus at, scelerisque quis, convallis in, nisi. Praesent vestibulum dapibus nibh. Fusce commodo aliquam arcu. <\/p>\n\n\n\n<p>Aliquam eu nunc. Etiam iaculis nunc ac metus. Donec mi odio, faucibus at, scelerisque quis, convallis in, nisi. Praesent vestibulum dapibus nibh. Fusce commodo aliquam arcu.<\/p>\n\n\n\n<p>Maecenas malesuada. Sed hendrerit. Vivamus euismod mauris. In turpis. Nulla consequat massa quis enim. <\/p>\n<\/details>\n\n\n\n<details class=\"wp-block-details has-border-radius has-border-color has-primary-border-color has-heading-text-color-color has-primary-background-color has-text-color has-background has-link-color wp-elements-7178b771af651c0ce708b0ea50acbb9b is-layout-flow wp-container-core-details-is-layout-b879ef61 wp-block-details-is-layout-flow\" style=\"border-width:1px;padding-top:var(--wp--preset--spacing--10);padding-right:var(--wp--preset--spacing--10);padding-bottom:var(--wp--preset--spacing--10);padding-left:var(--wp--preset--spacing--10)\"><summary>Donec quam felis, ultricies nec, pellentesque eu, pretium quis, sem. <\/summary>\n<p>Aliquam eu nunc. Etiam iaculis nunc ac metus. Donec mi odio, faucibus at, scelerisque quis, convallis in, nisi. Praesent vestibulum dapibus nibh. Fusce commodo aliquam arcu.<\/p>\n\n\n\n<p>Aliquam eu nunc. Etiam iaculis nunc ac metus. Donec mi odio, faucibus at, scelerisque quis, convallis in, nisi. Praesent vestibulum dapibus nibh. Fusce commodo aliquam arcu.<\/p>\n\n\n\n<p>Aliquam eu nunc. Etiam iaculis nunc ac metus. Donec mi odio, faucibus at, scelerisque quis, convallis in, nisi. Praesent vestibulum dapibus nibh. Fusce commodo aliquam arcu.<\/p>\n\n\n\n<p>Aliquam eu nunc. Etiam iaculis nunc ac metus. Donec mi odio, faucibus at, scelerisque quis, convallis in, nisi. Praesent vestibulum dapibus nibh. Fusce commodo aliquam arcu.<\/p>\n<\/details>\n\n\n\n<details class=\"wp-block-details has-border-radius has-border-color has-primary-border-color has-heading-text-color-color has-primary-background-color has-text-color has-background has-link-color wp-elements-d0880afce0cee9523c0dc09377db3947 is-layout-flow wp-container-core-details-is-layout-b879ef61 wp-block-details-is-layout-flow\" style=\"border-width:1px;padding-top:var(--wp--preset--spacing--10);padding-right:var(--wp--preset--spacing--10);padding-bottom:var(--wp--preset--spacing--10);padding-left:var(--wp--preset--spacing--10)\"><summary>Donec quam felis, ultricies nec, pellentesque eu, pretium quis, sem.<\/summary>\n<p>Aliquam eu nunc. Etiam iaculis nunc ac metus. Donec mi odio, faucibus at, scelerisque quis, convallis in, nisi. Praesent vestibulum dapibus nibh. Fusce commodo aliquam arcu.<\/p>\n\n\n\n<p>Aliquam eu nunc. Etiam iaculis nunc ac metus. Donec mi odio, faucibus at, scelerisque quis, convallis in, nisi. Praesent vestibulum dapibus nibh. Fusce commodo aliquam arcu.<\/p>\n\n\n\n<p>Aliquam eu nunc. Etiam iaculis nunc ac metus. Donec mi odio, faucibus at, scelerisque quis, convallis in, nisi. Praesent vestibulum dapibus nibh. Fusce commodo aliquam arcu.<\/p>\n\n\n\n<p>Aliquam eu nunc. Etiam iaculis nunc ac metus. Donec mi odio, faucibus at, scelerisque quis, convallis in, nisi. Praesent vestibulum dapibus nibh. Fusce commodo aliquam arcu.<\/p>\n<\/details>\n\n\n\n<details class=\"wp-block-details has-border-radius has-border-color has-primary-border-color has-heading-text-color-color has-primary-background-color has-text-color has-background has-link-color wp-elements-d0880afce0cee9523c0dc09377db3947 is-layout-flow wp-container-core-details-is-layout-b879ef61 wp-block-details-is-layout-flow\" style=\"border-width:1px;padding-top:var(--wp--preset--spacing--10);padding-right:var(--wp--preset--spacing--10);padding-bottom:var(--wp--preset--spacing--10);padding-left:var(--wp--preset--spacing--10)\"><summary>Donec quam felis, ultricies nec, pellentesque eu, pretium quis, sem.<\/summary>\n<p>Aliquam eu nunc. Etiam iaculis nunc ac metus. Donec mi odio, faucibus at, scelerisque quis, convallis in, nisi. Praesent vestibulum dapibus nibh. Fusce commodo aliquam arcu.<\/p>\n\n\n\n<p>Aliquam eu nunc. Etiam iaculis nunc ac metus. Donec mi odio, faucibus at, scelerisque quis, convallis in, nisi. Praesent vestibulum dapibus nibh. Fusce commodo aliquam arcu.<\/p>\n\n\n\n<p>Aliquam eu nunc. Etiam iaculis nunc ac metus. Donec mi odio, faucibus at, scelerisque quis, convallis in, nisi. Praesent vestibulum dapibus nibh. Fusce commodo aliquam arcu.<\/p>\n\n\n\n<p>Aliquam eu nunc. Etiam iaculis nunc ac metus. Donec mi odio, faucibus at, scelerisque quis, convallis in, nisi. Praesent vestibulum dapibus nibh. Fusce commodo aliquam arcu.<\/p>\n<\/details>\n<\/div>\n<\/div>\n<\/main>\n\n\n\n<div class=\"wp-block-group has-background has-global-padding is-layout-constrained wp-block-group-is-layout-constrained\" style=\"background:linear-gradient(135deg,rgb(0,0,0) 0%,rgb(60,55,67) 100%);padding-top:var(--wp--preset--spacing--50);padding-bottom:var(--wp--preset--spacing--50)\">\n<h2 class=\"wp-block-heading has-heading-text-color-color has-text-color has-link-color wp-elements-834e4a87cdeee13f137633ebcd07568b\" style=\"margin-bottom:var(--wp--preset--spacing--30);font-size:clamp(20px, 1.25rem + ((1vw - 3.2px) * 1.463), 32px);font-style:normal;font-weight:600\">Our Recent Works<\/h2>\n\n\n\n<div class=\"wp-block-columns is-layout-flex wp-container-core-columns-is-layout-28f84493 wp-block-columns-is-layout-flex\">\n<div class=\"wp-block-column is-layout-flow wp-block-column-is-layout-flow\"><\/div>\n<\/div>\n\n\n\n<figure class=\"wp-block-image size-large\"><img loading=\"lazy\" decoding=\"async\" width=\"1024\" height=\"636\" src=\"https:\/\/ballhaus-pankow.com\/wp-content\/uploads\/2026\/03\/2FD00316.jpg-1024x636.jpeg\" alt=\"\" class=\"wp-image-319\" srcset=\"https:\/\/ballhaus-pankow.com\/wp-content\/uploads\/2026\/03\/2FD00316.jpg-1024x636.jpeg 1024w, https:\/\/ballhaus-pankow.com\/wp-content\/uploads\/2026\/03\/2FD00316.jpg-300x186.jpeg 300w, https:\/\/ballhaus-pankow.com\/wp-content\/uploads\/2026\/03\/2FD00316.jpg-768x477.jpeg 768w, https:\/\/ballhaus-pankow.com\/wp-content\/uploads\/2026\/03\/2FD00316.jpg-1536x954.jpeg 1536w, https:\/\/ballhaus-pankow.com\/wp-content\/uploads\/2026\/03\/2FD00316.jpg-18x12.jpeg 18w\" sizes=\"auto, (max-width: 1024px) 100vw, 1024px\" \/><\/figure>\n<\/div>\n\n\n\n<div class=\"wp-block-group has-background has-global-padding is-layout-constrained wp-container-core-group-is-layout-52009084 wp-block-group-is-layout-constrained\" style=\"background-color:#09211d;padding-top:var(--wp--preset--spacing--40);padding-right:var(--wp--preset--spacing--40);padding-bottom:var(--wp--preset--spacing--40);padding-left:var(--wp--preset--spacing--40)\">\n<div class=\"wp-block-columns are-vertically-aligned-center is-layout-flex wp-container-core-columns-is-layout-7fc3d43a wp-block-columns-is-layout-flex\">\n<div class=\"wp-block-column is-vertically-aligned-center is-layout-flow wp-block-column-is-layout-flow\">\n<h2 class=\"wp-block-heading has-heading-text-color-color has-text-color has-link-color wp-elements-37052692e286aefc2e2af2d0f4aa58fa\" style=\"font-size:clamp(17.905px, 1.119rem + ((1vw - 3.2px) * 1.231), 28px);font-style:normal;font-weight:700\">Contact Us<\/h2>\n\n\n\n<p>Vivamus elementum semper nisi. In ac felis quis tortor malesuada pretium. Vivamus in erat ut urna cursus vestibulum. Donec orci lectus, aliquam ut, faucibus non, euismod id, nulla. Pellentesque habitant morbi tristique senectus et netus et malesuada fames ac turpis egestas.<\/p>\n\n\n\n<p>Phasellus ullamcorper ipsum rutrum nunc. Nullam accumsan lorem in dui. Fusce neque. Vivamus quis mi. Donec venenatis vulputate lorem.<\/p>\n\n\n\n<div class=\"wp-block-group is-nowrap is-layout-flex wp-container-core-group-is-layout-e1411b87 wp-block-group-is-layout-flex\" style=\"margin-top:var(--wp--preset--spacing--30)\">\n<figure class=\"wp-block-image size-full is-resized\"><img decoding=\"async\" src=\"https:\/\/ballhaus-pankow.com\/wp-content\/themes\/consultingwp\/assets\/images\/phone.png\" alt=\"\" class=\"wp-image-13049\" style=\"width:28px\"\/><\/figure>\n\n\n\n<p>+01-098-123456<\/p>\n<\/div>\n\n\n\n<div class=\"wp-block-group is-nowrap is-layout-flex wp-container-core-group-is-layout-4fd23b00 wp-block-group-is-layout-flex\" style=\"margin-top:var(--wp--preset--spacing--10)\">\n<figure class=\"wp-block-image size-full is-resized\"><img decoding=\"async\" src=\"https:\/\/ballhaus-pankow.com\/wp-content\/themes\/consultingwp\/assets\/images\/envelope.png\" alt=\"\" class=\"wp-image-13067\" style=\"width:28px\"\/><\/figure>\n\n\n\n<p>info@example.com<\/p>\n<\/div>\n<\/div>\n\n\n\n<div class=\"wp-block-column is-vertically-aligned-center is-layout-flow wp-block-column-is-layout-flow\">\n<figure class=\"wp-block-image size-full has-custom-border\"><img loading=\"lazy\" decoding=\"async\" width=\"2000\" height=\"1200\" src=\"https:\/\/ballhaus-pankow.com\/wp-content\/uploads\/2026\/02\/Ballhaus-Exterior.png\" alt=\"\" class=\"wp-image-111\" style=\"border-radius:8px\" srcset=\"https:\/\/ballhaus-pankow.com\/wp-content\/uploads\/2026\/02\/Ballhaus-Exterior.png 2000w, https:\/\/ballhaus-pankow.com\/wp-content\/uploads\/2026\/02\/Ballhaus-Exterior-300x180.png 300w, https:\/\/ballhaus-pankow.com\/wp-content\/uploads\/2026\/02\/Ballhaus-Exterior-1024x614.png 1024w, https:\/\/ballhaus-pankow.com\/wp-content\/uploads\/2026\/02\/Ballhaus-Exterior-768x461.png 768w, https:\/\/ballhaus-pankow.com\/wp-content\/uploads\/2026\/02\/Ballhaus-Exterior-1536x922.png 1536w, https:\/\/ballhaus-pankow.com\/wp-content\/uploads\/2026\/02\/Ballhaus-Exterior-18x12.png 18w\" sizes=\"auto, (max-width: 2000px) 100vw, 2000px\" \/><\/figure>\n<\/div>\n<\/div>\n\n\n\n<div class=\"wp-block-buttons is-content-justification-center is-layout-flex wp-container-core-buttons-is-layout-d8c0be80 wp-block-buttons-is-layout-flex\" style=\"margin-top:var(--wp--preset--spacing--40)\">\n<div class=\"wp-block-button\"><a class=\"wp-block-button__link wp-element-button\">Buchung<\/a><\/div>\n\n\n\n<div class=\"wp-block-button\"><a class=\"wp-block-button__link has-contrast-color has-text-color has-background has-link-color wp-element-button\" style=\"background-color:#fabb00\">\u00dcber Uns<\/a><\/div>\n<\/div>\n<\/div>\n\n\n\n<p><\/p>","protected":false},"excerpt":{"rendered":"<p>Kontaktieren Sie uns \u2013 Wir sind jederzeit f\u00fcr Sie da Sie k\u00f6nnen uns jederzeit auf verschiedenen Wegen kontaktieren \u2013 ganz nach Ihren W\u00fcnschen. Ob telefonisch, bei einem pers\u00f6nlichen Termin vor Ort, per E-Mail oder \u00fcber unser Kontaktformular auf der Website \u2013 wir sind jederzeit f\u00fcr Sie erreichbar. Ebenso k\u00f6nnen Sie uns bequem \u00fcber WhatsApp sowie [&hellip;]<\/p>\n","protected":false},"author":1,"featured_media":0,"parent":0,"menu_order":0,"comment_status":"closed","ping_status":"closed","template":"","meta":{"footnotes":""},"class_list":["post-100","page","type-page","status-publish","hentry"],"_links":{"self":[{"href":"https:\/\/ballhaus-pankow.com\/en\/wp-json\/wp\/v2\/pages\/100","targetHints":{"allow":["GET"]}}],"collection":[{"href":"https:\/\/ballhaus-pankow.com\/en\/wp-json\/wp\/v2\/pages"}],"about":[{"href":"https:\/\/ballhaus-pankow.com\/en\/wp-json\/wp\/v2\/types\/page"}],"author":[{"embeddable":true,"href":"https:\/\/ballhaus-pankow.com\/en\/wp-json\/wp\/v2\/users\/1"}],"replies":[{"embeddable":true,"href":"https:\/\/ballhaus-pankow.com\/en\/wp-json\/wp\/v2\/comments?post=100"}],"version-history":[{"count":40,"href":"https:\/\/ballhaus-pankow.com\/en\/wp-json\/wp\/v2\/pages\/100\/revisions"}],"predecessor-version":[{"id":520,"href":"https:\/\/ballhaus-pankow.com\/en\/wp-json\/wp\/v2\/pages\/100\/revisions\/520"}],"wp:attachment":[{"href":"https:\/\/ballhaus-pankow.com\/en\/wp-json\/wp\/v2\/media?parent=100"}],"curies":[{"name":"wp","href":"https:\/\/api.w.org\/{rel}","templated":true}]}}